{"id":62,"date":"2014-07-22T21:01:36","date_gmt":"2014-07-22T21:01:36","guid":{"rendered":"http:\/\/cgttenerife.wordpress.com\/?page_id=62"},"modified":"2023-02-02T02:05:02","modified_gmt":"2023-02-02T02:05:02","slug":"acgtivate","status":"publish","type":"page","link":"https:\/\/cgttenerife.org\/?page_id=62","title":{"rendered":"Afiliaci\u00f3n"},"content":{"rendered":"<div>\u00a0<\/div>\n<div>\u00a0<\/div>\n<div>Desde el Secretariado Permanente de C.G.T. Tenerife nos dirigimos a ti como afiliado\/a de nuestro sindicato.<\/div>\n<div>\u00a0<\/div>\n<div style=\"text-align: justify;\"><img loading=\"lazy\" decoding=\"async\" class=\" wp-image-2984 alignleft\" src=\"https:\/\/cgttenerife.org\/wp-content\/uploads\/2023\/02\/cgt_estrella_moviendo.gif\" alt=\"\" width=\"185\" height=\"139\" srcset=\"https:\/\/cgttenerife.org\/wp-content\/uploads\/2023\/02\/cgt_estrella_moviendo.gif 128w, https:\/\/cgttenerife.org\/wp-content\/uploads\/2023\/02\/cgt_estrella_moviendo-80x60.gif 80w\" sizes=\"auto, (max-width: 185px) 100vw, 185px\" \/>Como no te es ajeno, vivimos una situaci\u00f3n socio-laboral-econ\u00f3mica muy complicada para los trabajadores y trabajadoras de este pa\u00eds. Y nuestra opini\u00f3n es que a\u00fan nos quedan por delante tiempos peores.<\/div>\n<div style=\"text-align: justify;\">Todos estamos indignados\/as con la actual coyuntura. Y nos cabreamos ante los desmanes de los poderes econ\u00f3micos y pol\u00edticos de los que nos enteramos d\u00eda a d\u00eda. Pero cabrearse en solitario, puede servir para desahogarte pero en realidad no cambia nada. Aquel antiguo eslogan de la \u201cuni\u00f3n hace la fuerza\u201d es lo que nos puede permitir cambiar las cosas. C.G.T. est\u00e1 dispuesta a cambiarlas y tenemos el convencimiento de que nuestra manera de hacerlo es la mejor herramienta de la que disponemos.<\/div>\n<div style=\"text-align: justify;\">\u00a0<\/div>\n<div style=\"text-align: justify;\">\u00daltimamente, ha ido mejorando la participaci\u00f3n en nuestras asambleas y poco a poco han ido surgiendo IDEAS que han servido para hacer cursos, para convocar manifestaciones, para el funcionamiento del sindicato, etc., y eso es lo que pedimos: PARTICIPACI\u00d3N. A veces, de una peque\u00f1a idea surgen grandes resultados y te necesitamos para conseguirlo. No te estamos pidiendo que adquieras responsabilidad de ning\u00fan tipo, SIMPLEMENTE, que acudas a nuestras asambleas, manifestaciones y actos. Vamos, que te ACTIVES como parte que eres de nuestro sindicato. El tiempo que te pedimos es poco y una peque\u00f1a aportaci\u00f3n de cada persona puede ayudar a muchas.<\/div>\n<div style=\"text-align: justify;\">\u00a0<\/div>\n<div style=\"text-align: justify;\">Te animamos a que acudas a las distintas asambleas, reuniones, cursos, charlas, manifestaciones etc. que acordamos efectuar y si perteneces a una empresa o trabajo con secci\u00f3n sindical, pregunta, inter\u00e9sate, cuando es la pr\u00f3xima asamblea, vete, escucha, si has de proponer algo, hazlo y vota. Es lo poco que pedimos.<\/div>\n<div style=\"text-align: justify;\">\u00a0<\/div>\n<div style=\"text-align: justify;\">Salud.<\/div>\n<div style=\"text-align: justify;\">\u00a0<\/div>\n<div style=\"text-align: justify;\"><strong>Para descargar la hoja de afiliaci\u00f3n pincha <a href=\"https:\/\/cgttenerife.org\/wp-content\/uploads\/2023\/01\/ficha-afiliacion-cgt-su-tfe-lopd-julio2021.pdf\" target=\"_blank\" rel=\"noopener\">aqu\u00ed<\/a>:<\/strong><\/div>\n<div>\u00a0<\/div>\n<div style=\"text-align: justify;\"><a href=\"https:\/\/cgttenerife.org\/wp-content\/uploads\/2023\/01\/ficha-afiliacion-cgt-su-tfe-lopd-julio2021.pdf\" target=\"_blank\" rel=\"noopener\"><img loading=\"lazy\" decoding=\"async\" class=\"aligncenter size-full wp-image-22\" src=\"http:\/\/cgttenerife.files.wordpress.com\/2014\/07\/botocc81nhojadeafiliaciocc81n.png\" alt=\"boto\u0301nhojadeafiliacio\u0301n\" width=\"279\" height=\"181\" \/><\/a><\/div>\n\n\n<div class=\"wp-block-buttons is-layout-flex wp-block-buttons-is-layout-flex\"><\/div>\n","protected":false},"excerpt":{"rendered":"<div class=\"mh-excerpt\"><p>\u00a0 \u00a0 Desde el Secretariado Permanente de C.G.T. Tenerife nos dirigimos a ti como afiliado\/a de nuestro sindicato. \u00a0 Como no te es ajeno, vivimos <a class=\"mh-excerpt-more\" href=\"https:\/\/cgttenerife.org\/?page_id=62\" title=\"Afiliaci\u00f3n\">[&#8230;]<\/a><\/p>\n<\/div>","protected":false},"author":1,"featured_media":0,"parent":0,"menu_order":0,"comment_status":"closed","ping_status":"closed","template":"","meta":{"footnotes":""},"class_list":["post-62","page","type-page","status-publish","hentry"],"_links":{"self":[{"href":"https:\/\/cgttenerife.org\/index.php?rest_route=\/wp\/v2\/pages\/62","targetHints":{"allow":["GET"]}}],"collection":[{"href":"https:\/\/cgttenerife.org\/index.php?rest_route=\/wp\/v2\/pages"}],"about":[{"href":"https:\/\/cgttenerife.org\/index.php?rest_route=\/wp\/v2\/types\/page"}],"author":[{"embeddable":true,"href":"https:\/\/cgttenerife.org\/index.php?rest_route=\/wp\/v2\/users\/1"}],"replies":[{"embeddable":true,"href":"https:\/\/cgttenerife.org\/index.php?rest_route=%2Fwp%2Fv2%2Fcomments&post=62"}],"version-history":[{"count":8,"href":"https:\/\/cgttenerife.org\/index.php?rest_route=\/wp\/v2\/pages\/62\/revisions"}],"predecessor-version":[{"id":2988,"href":"https:\/\/cgttenerife.org\/index.php?rest_route=\/wp\/v2\/pages\/62\/revisions\/2988"}],"wp:attachment":[{"href":"https:\/\/cgttenerife.org\/index.php?rest_route=%2Fwp%2Fv2%2Fmedia&parent=62"}],"curies":[{"name":"wp","href":"https:\/\/api.w.org\/{rel}","templated":true}]}}