{"id":6,"date":"2014-07-22T14:32:44","date_gmt":"2014-07-22T14:32:44","guid":{"rendered":"http:\/\/cgttenerife.wordpress.com\/?page_id=1"},"modified":"2023-01-29T22:42:00","modified_gmt":"2023-01-29T22:42:00","slug":"about","status":"publish","type":"page","link":"https:\/\/cgttenerife.org\/?page_id=6","title":{"rendered":"Bienvenid@"},"content":{"rendered":"<div id=\"pageContainer1\" class=\"page\">\n<div class=\"textLayer\">\n<div dir=\"ltr\" style=\"text-align: center;\">\n<div dir=\"ltr\" style=\"text-align: center;\"><strong><span style=\"color: #800080;\">CONFEDERACI\u00d3N GENERAL DEL TRABAJO<\/span> &#8211; SINDICATO \u00daNICO DE TENERIFE<\/strong><\/div>\n<p><strong><span style=\"color: #ff0000;\">COMPA\u00d1ERO,<\/span><span style=\"color: #800080;\"> COMPA\u00d1ERA:<\/span><\/strong><\/p>\n<\/div>\n<div dir=\"ltr\" style=\"text-align: justify;\">Significado etimol\u00f3gico de compa\u00f1ero\/as: las personas que comparten el pan. Si acudes a CGT para informarte de un problema laboral o social, te pedimos que leas la siguiente carta de parte de la afiliaci\u00f3n del sindicato:<\/div>\n<div dir=\"ltr\" style=\"text-align: justify;\"><\/div>\n<div dir=\"ltr\" style=\"text-align: justify;\"><a href=\"http:\/\/cgttenerife.files.wordpress.com\/2014\/07\/cgt_animida.gif\"><img loading=\"lazy\" decoding=\"async\" class=\"alignleft wp-image-383 size-medium\" src=\"http:\/\/cgttenerife.files.wordpress.com\/2014\/07\/cgt_animida.gif?w=203\" alt=\"CGT_animida\" width=\"203\" height=\"300\" \/><\/a>Muchas gracias por tu confianza. Si tienes un problema laboral o social, cuentas con nuestro apoyo y ponemos a tu disposici\u00f3n los medios del sindicato: nuestros servicios jur\u00eddicos; nuestra infraestructura y medios materiales, como oficinas y locales de reuniones; nuestra experiencia sindical y social, como asesoramiento concreto o cursos de formaci\u00f3n en distintos temas. Lamentablemente, no podemos solucionar tus problemas por ti o por tus compa\u00f1eros y compa\u00f1eras de trabajo. Nuestro compromiso es proporcionarte todos los medios necesarios para que puedas hacerlo, ya sea en el trabajo, en la calle, en los juzgados y ante las empresas e instituciones.<\/div>\n<div dir=\"ltr\" style=\"text-align: justify;\"><\/div>\n<div dir=\"ltr\" style=\"text-align: justify;\">El Sindicato \u00danico de Tenerife de CGT lo componen varios cientos de personas que deciden asociarse aut\u00f3nomamente para tener mayor capacidad de defender sus derechos e impulsar sus ideas. Pero para hacerlo necesitamos tu colaboraci\u00f3n,\u00a0 puesto que \u00fanicamente nos financiamos de nuestras cuotas, s\u00f3lo contamos con nuestro trabajo voluntario para la acci\u00f3n sindical y social y la gesti\u00f3n del sindicato y rechazamos las \u00abayudas\u00bb econ\u00f3micas de instituciones y empresas.<\/div>\n<div dir=\"ltr\" style=\"text-align: justify;\"><\/div>\n<div dir=\"ltr\" style=\"text-align: justify;\"><\/div>\n<div dir=\"ltr\" style=\"text-align: justify;\"><strong><span style=\"color: #800080;\">\u00bfC\u00f3mo puedo colabo<\/span>rar con el sindicato?<\/strong><\/div>\n<div dir=\"ltr\" style=\"text-align: justify;\"><\/div>\n<div dir=\"ltr\" style=\"text-align: justify;\">Hay tres formas de hacerlo, y cualquiera que participe de alguna de las tres, forma parte integral del sindicato:<\/div>\n<div dir=\"ltr\" style=\"text-align: justify;\"><\/div>\n<div dir=\"ltr\" style=\"text-align: justify;\"><strong>1.<\/strong>-Abonando la cuota, que es la manera m\u00e1s b\u00e1sica: alquileres, honorarios de abogados y materiales son caros, pero poni\u00e9ndolos en com\u00fan nos podemos beneficiar todos y todas. Unos <strong><em><span style=\"color: #ff0000;\">11,72\u20ac<\/span><\/em><\/strong> euros al mes si trabajas, <em><strong><span style=\"color: #800080;\">7,06\u20ac<\/span> <\/strong><\/em>en precario, \u00f3 <strong><em><span style=\"color: #000000;\">6,90\u20ac<\/span><\/em><\/strong> euros si est\u00e1s en paro, jubilado\/a o percibes menos del Salario M\u00ednimo. No nos sobra ni un s\u00f3lo euro, pero si no puedes pagarla, te pedimos que hables con nosotros\/as.<\/div>\n<div dir=\"ltr\" style=\"text-align: justify;\"><\/div>\n<div dir=\"ltr\" style=\"text-align: justify;\"><strong>2.<\/strong>-Participando en la acci\u00f3n y la reflexi\u00f3n del Sindicato. Ya sea en las asambleas que celebramos mensualmente, en las secciones sindicales de las empresas y administraciones p\u00fablicas o en las diversas luchas reivindicativas en que participamos. No nos sobra ninguna voz.<\/div>\n<div dir=\"ltr\" style=\"text-align: justify;\"><\/div>\n<div dir=\"ltr\" style=\"text-align: justify;\"><strong>3.<\/strong>-Realizando trabajo militante. Para ejecutar las decisiones tomadas por las asambleas, hacen falta sumar todos los esfuerzos posibles, hasta los m\u00e1s peque\u00f1os. No nos sobra ni un brazo, aunque si no dispones del tiempo para ello, tus derechos en el proceso de toma de decisiones no se ven limitados.<\/div>\n<div dir=\"ltr\" style=\"text-align: justify;\"><\/div>\n<div dir=\"ltr\" style=\"text-align: justify;\"><\/div>\n<div dir=\"ltr\" style=\"text-align: justify;\"><strong><span style=\"color: #800080;\">\u00bfQu\u00e9 ideas defiende el Sindica<\/span>to \u00danico de Tenerife de la CGT?<\/strong><\/div>\n<div dir=\"ltr\" style=\"text-align: justify;\"><\/div>\n<div dir=\"ltr\" style=\"text-align: justify;\">No abrazamos ning\u00fan dogmatismo ni sectarismo, y dentro del sindicato sabemos bien que no compartimos exactamente las mismas ideas porque las confrontamos continuamente, pero entre todos y todas hemos acordado llevar a la pr\u00e1ctica el anarcosindicalismo a trav\u00e9s de la CGT, aceptando un m\u00e9todo con dos pilares fundamentales:<\/div>\n<div dir=\"ltr\" style=\"text-align: justify;\"><\/div>\n<div dir=\"ltr\" style=\"text-align: justify;\"><span style=\"color: #ff0000;\"><strong>La democracia directa<\/strong>.<\/span> El \u00fanico \u00f3rgano decisorio es la Asamblea, ya sea del sindicato o de la secci\u00f3n sindical, y rechazamos toda autoridad, todo cargo ejecutivo, toda representaci\u00f3n pol\u00edtica y los privilegios de cualquier naturaleza.<\/div>\n<\/div>\n<\/div>\n<div id=\"pageContainer2\" class=\"page\">\n<div class=\"textLayer\">\n<div dir=\"ltr\" style=\"text-align: justify;\"><\/div>\n<div dir=\"ltr\" style=\"text-align: justify;\"><span style=\"color: #800080;\"><strong>El apoyo mutuo<\/strong>.<\/span> De la misma manera que prestamos apoyo, buscamos asociarnos con otras personas que practiquen la solidaridad para el mantenimiento de las labores y principios del sindicato y la cooperaci\u00f3n para lograr el reparto de la riqueza y del trabajo. No predicamos la caridad ni la practicamos. El apoyo mutuo es un concepto muy amplio y ambicioso que no comprende s\u00f3lo a la afiliaci\u00f3n, o a un grupo, o a un pa\u00eds; incluye a toda las comunidades humanas, a todas las naciones, a todas las razas, a todos los sexos, identidades y orientaciones sexuales.<\/div>\n<div dir=\"ltr\" style=\"text-align: justify;\"><\/div>\n<div dir=\"ltr\" style=\"text-align: justify;\">Si no compartes lo que te hemos expuesto anteriormente, hemos de despedirnos y te deseamos la mejor de las suertes. Pero si compartes el m\u00e9todo que hemos expuesto arriba:<\/div>\n<div dir=\"ltr\" style=\"text-align: justify;\"><\/div>\n<div dir=\"ltr\"><\/div>\n<div dir=\"ltr\" style=\"text-align: center;\"><strong><span style=\"color: #ff0000;\">\u00a1Bienvenido y<\/span> <span style=\"color: #ff0000;\">bien<\/span>venida a CGT!<\/strong><\/div>\n<div dir=\"ltr\"><\/div>\n<\/div>\n<\/div>\n","protected":false},"excerpt":{"rendered":"<div class=\"mh-excerpt\"><p>CONFEDERACI\u00d3N GENERAL DEL TRABAJO &#8211; SINDICATO \u00daNICO DE TENERIFE COMPA\u00d1ERO, COMPA\u00d1ERA: Significado etimol\u00f3gico de compa\u00f1ero\/as: las personas que comparten el pan. Si acudes a CGT <a class=\"mh-excerpt-more\" href=\"https:\/\/cgttenerife.org\/?page_id=6\" title=\"Bienvenid@\">[&#8230;]<\/a><\/p>\n<\/div>","protected":false},"author":1,"featured_media":0,"parent":0,"menu_order":0,"comment_status":"open","ping_status":"closed","template":"","meta":{"footnotes":""},"class_list":["post-6","page","type-page","status-publish","hentry"],"_links":{"self":[{"href":"https:\/\/cgttenerife.org\/index.php?rest_route=\/wp\/v2\/pages\/6","targetHints":{"allow":["GET"]}}],"collection":[{"href":"https:\/\/cgttenerife.org\/index.php?rest_route=\/wp\/v2\/pages"}],"about":[{"href":"https:\/\/cgttenerife.org\/index.php?rest_route=\/wp\/v2\/types\/page"}],"author":[{"embeddable":true,"href":"https:\/\/cgttenerife.org\/index.php?rest_route=\/wp\/v2\/users\/1"}],"replies":[{"embeddable":true,"href":"https:\/\/cgttenerife.org\/index.php?rest_route=%2Fwp%2Fv2%2Fcomments&post=6"}],"version-history":[{"count":3,"href":"https:\/\/cgttenerife.org\/index.php?rest_route=\/wp\/v2\/pages\/6\/revisions"}],"predecessor-version":[{"id":2919,"href":"https:\/\/cgttenerife.org\/index.php?rest_route=\/wp\/v2\/pages\/6\/revisions\/2919"}],"wp:attachment":[{"href":"https:\/\/cgttenerife.org\/index.php?rest_route=%2Fwp%2Fv2%2Fmedia&parent=6"}],"curies":[{"name":"wp","href":"https:\/\/api.w.org\/{rel}","templated":true}]}}