{"id":55,"date":"2014-07-22T20:43:49","date_gmt":"2014-07-22T20:43:49","guid":{"rendered":"http:\/\/cgttenerife.wordpress.com\/?page_id=55"},"modified":"2023-02-02T01:57:24","modified_gmt":"2023-02-02T01:57:24","slug":"estatutos","status":"publish","type":"page","link":"https:\/\/cgttenerife.org\/?page_id=55","title":{"rendered":"Estatutos"},"content":{"rendered":"<div><a href=\"https:\/\/cgt.org.es\/wp-content\/uploads\/2008\/04\/Estatutos-CGTactualizados-XIX-congreso.pdf\" target=\"_blank\" rel=\"noopener\"><img loading=\"lazy\" decoding=\"async\" class=\"size-full wp-image-2982 alignleft\" src=\"https:\/\/cgttenerife.org\/wp-content\/uploads\/2023\/02\/cgtetenerife1.jpg\" alt=\"\" width=\"194\" height=\"222\" \/><\/a><\/div>\n<div><strong>T\u00edtulo I: Definici\u00f3n y objeto<\/strong><\/div>\n<div>\u00a0<\/div>\n<div><span style=\"color: initial;\">Art\u00edculo 1. La Confederaci\u00f3n General del Trabajo (CGT) es una asociaci\u00f3n de trabajadores y trabajadoras que se define anarcosindicalista, y por tanto: de clase, aut\u00f3noma, autogestionaria, federalista, internacionalista y libertaria. <\/span><\/div>\n<div>\u00a0<\/div>\n<div><span style=\"color: initial;\">Art\u00edculo 2. La Confederaci\u00f3n General del Trabajo (CGT) se propone: <\/span><\/div>\n<div>\u00a0<\/div>\n<div><span style=\"color: initial;\">a. Desarrollar la voluntad de asociaci\u00f3n de las trabajadoras y trabajadores, independientemente de su sexo, raza, nacionalidad, lengua, ideas pol\u00edticas o religiosas. <\/span><a href=\"https:\/\/cgt.org.es\/wp-content\/uploads\/2008\/04\/Estatutos-CGTactualizados-XIX-congreso.pdf\" target=\"_blank\" rel=\"noopener\"><strong> &#8230;&#8230;.<\/strong><\/a><\/div>\n<p>\u00a0<\/p>\n<p><strong>Para leer o descargar completo el documento de Estatutos y Reglamento de Congresos de la Confederaci\u00f3n General del Trabajo (CGT) pincha aqu\u00ed: \u00a0<a href=\"https:\/\/cgt.org.es\/wp-content\/uploads\/2008\/04\/Estatutos-CGTactualizados-XIX-congreso.pdf\" target=\"_blank\" rel=\"noopener\">\u00a0 Estatutos-CGT<\/a><\/strong><\/p>\n\n\n<div class=\"wp-block-buttons is-layout-flex wp-block-buttons-is-layout-flex\"><\/div>\n","protected":false},"excerpt":{"rendered":"<div class=\"mh-excerpt\"><p>T\u00edtulo I: Definici\u00f3n y objeto \u00a0 Art\u00edculo 1. La Confederaci\u00f3n General del Trabajo (CGT) es una asociaci\u00f3n de trabajadores y trabajadoras que se define anarcosindicalista, <a class=\"mh-excerpt-more\" href=\"https:\/\/cgttenerife.org\/?page_id=55\" title=\"Estatutos\">[&#8230;]<\/a><\/p>\n<\/div>","protected":false},"author":1,"featured_media":0,"parent":0,"menu_order":0,"comment_status":"closed","ping_status":"closed","template":"","meta":{"footnotes":""},"class_list":["post-55","page","type-page","status-publish","hentry"],"_links":{"self":[{"href":"https:\/\/cgttenerife.org\/index.php?rest_route=\/wp\/v2\/pages\/55","targetHints":{"allow":["GET"]}}],"collection":[{"href":"https:\/\/cgttenerife.org\/index.php?rest_route=\/wp\/v2\/pages"}],"about":[{"href":"https:\/\/cgttenerife.org\/index.php?rest_route=\/wp\/v2\/types\/page"}],"author":[{"embeddable":true,"href":"https:\/\/cgttenerife.org\/index.php?rest_route=\/wp\/v2\/users\/1"}],"replies":[{"embeddable":true,"href":"https:\/\/cgttenerife.org\/index.php?rest_route=%2Fwp%2Fv2%2Fcomments&post=55"}],"version-history":[{"count":12,"href":"https:\/\/cgttenerife.org\/index.php?rest_route=\/wp\/v2\/pages\/55\/revisions"}],"predecessor-version":[{"id":2983,"href":"https:\/\/cgttenerife.org\/index.php?rest_route=\/wp\/v2\/pages\/55\/revisions\/2983"}],"wp:attachment":[{"href":"https:\/\/cgttenerife.org\/index.php?rest_route=%2Fwp%2Fv2%2Fmedia&parent=55"}],"curies":[{"name":"wp","href":"https:\/\/api.w.org\/{rel}","templated":true}]}}