{"id":367,"date":"2014-07-30T09:45:45","date_gmt":"2014-07-30T09:45:45","guid":{"rendered":"http:\/\/cgttenerife.wordpress.com\/?page_id=367"},"modified":"2023-02-02T01:52:26","modified_gmt":"2023-02-02T01:52:26","slug":"como-nos-organizamos","status":"publish","type":"page","link":"https:\/\/cgttenerife.org\/?page_id=367","title":{"rendered":"Como nos organizamos"},"content":{"rendered":"<div class=\"views-field-field-teaser-value\">\n<div class=\"field-content\">\n<p class=\"spip\">\u00a0<\/p>\n<p class=\"spip\"><strong><span style=\"text-decoration: underline;\"><span style=\"color: #808080; text-decoration: underline;\"><img loading=\"lazy\" decoding=\"async\" class=\" wp-image-2977 alignleft\" src=\"https:\/\/cgttenerife.org\/wp-content\/uploads\/2023\/02\/cgttenerife.png\" alt=\"\" width=\"173\" height=\"173\" srcset=\"https:\/\/cgttenerife.org\/wp-content\/uploads\/2023\/02\/cgttenerife.png 225w, https:\/\/cgttenerife.org\/wp-content\/uploads\/2023\/02\/cgttenerife-150x150.png 150w\" sizes=\"auto, (max-width: 173px) 100vw, 173px\" \/><span style=\"color: #ff0000; text-decoration: underline;\">LA ASAMBLEA DEL SINDICATO:<\/span><\/span><\/span><\/strong><\/p>\n<p class=\"spip\" style=\"text-align: justify;\"><strong>La Asamblea del Sindicato la constituyen todas las personas afiliadas del mismo.<\/strong><\/p>\n<p class=\"spip\" style=\"text-align: justify;\"><strong>Todos\/as tienen voz y voto.<\/strong><\/p>\n<\/div>\n<\/div>\n<div class=\"views-field-body\">\n<div class=\"field-content\">\n<p class=\"spip\" style=\"text-align: justify;\"><strong><span style=\"color: #ff0000;\">FUNCIONES:<\/span><\/strong><\/p>\n<p class=\"spip\" style=\"text-align: justify;\">Acordar las l\u00edneas de actuaci\u00f3n (Programa reivindicativo) del Sindicato en su \u00e1mbito, de acuerdo con el aprobado en su Federaci\u00f3n de Ramo o Sectorial y los acuerdos generales de la CGT.<\/p>\n<p class=\"spip\" style=\"text-align: justify;\">Discutir y tomar acuerdos sobre las propuestas de actuaci\u00f3n de la CGT en general.<\/p>\n<p class=\"spip\" style=\"text-align: justify;\">Elegir al Secretariado Permanente (SP en adelante) del Sindicato.<\/p>\n<p class=\"spip\" style=\"text-align: justify;\">Examinar la gesti\u00f3n del SP del Sindicato.<\/p>\n<p class=\"spip\" style=\"text-align: justify;\"><span style=\"color: #ff0000;\"><strong><span style=\"text-decoration: underline;\">\u00bfQU\u00c9 ES UN CONGRESO?<\/span><\/strong><\/span><\/p>\n<div class=\"views-field-field-teaser-value\">\n<div class=\"field-content\">\n<p style=\"text-align: justify;\"><strong>Es el m\u00e1ximo \u00f3rgano de decisi\u00f3n de la CGT. Asisten representantes directos de los Sindicatos elegidos en sus Asambleas.<\/strong><\/p>\n<\/div>\n<\/div>\n<div class=\"views-field-body\">\n<div class=\"field-content\">\n<p class=\"spip\" style=\"text-align: justify;\">Decide las l\u00edneas generales de funcionamiento interno y de actuaci\u00f3n. Resuelve los problemas que en otros \u00e1mbitos no se hayan resuelto desde el Congreso anterior.<\/p>\n<p class=\"spip\" style=\"text-align: justify;\">Se convoca cada cuatro a\u00f1os siendo de car\u00e1cter Ordinario.<\/p>\n<p class=\"spip\" style=\"text-align: justify;\">Las modificaciones Estatutarias requieren al menos 2\/3 de los votos favorables.<\/p>\n<p class=\"spip\" style=\"text-align: justify;\"><span style=\"color: #ff0000;\"><strong><span style=\"text-decoration: underline;\">\u00bfQU\u00c9 ES UNA CONFERENCIA DE SINDICATOS?<\/span><\/strong><\/span><\/p>\n<div class=\"views-field-field-teaser-value\">\n<div class=\"field-content\">\n<p style=\"text-align: justify;\"><strong>Se define como \u00f3rgano de debate y decisi\u00f3n sobre temas de \u00edndole sindical y especialmente en lo relacionado con la Negociaci\u00f3n Colectiva y Elecciones Sindicales.<\/strong><\/p>\n<\/div>\n<\/div>\n<div class=\"views-field-body\">\n<div class=\"field-content\">\n<p class=\"spip\" style=\"text-align: justify;\">Establece el Programa reivindicativo de la CGT. Analiza y acuerda la estrategia para la negociaci\u00f3n colectiva.<\/p>\n<p class=\"spip\" style=\"text-align: justify;\">Asisten los delegados elegidos por los Sindicatos. Se celebra cada dos a\u00f1os, altern\u00e1ndose su celebraci\u00f3n anualmente con los Plenos Confederales.<\/p>\n<p class=\"spip\"><span style=\"color: #ff0000;\"><strong><span style=\"text-decoration: underline;\">\u00bfQU\u00c9 ES UN PLENO?\u00a0<\/span><\/strong><\/span><\/p>\n<div class=\"views-field-field-teaser-value\">\n<div class=\"field-content\">\n<p style=\"text-align: justify;\"><strong>Es el m\u00e1ximo \u00f3rgano de decisi\u00f3n entre Congresos.<\/strong><\/p>\n<\/div>\n<\/div>\n<div class=\"views-field-body\">\n<div class=\"field-content\">\n<p class=\"spip\" style=\"text-align: justify;\">Asisten delegaciones de las Confederaciones Territoriales en proporci\u00f3n al n\u00famero de sus afiliados, que se eligen en los respectivos Plenos de cada Confederaci\u00f3n territorial que se celebran previamente y donde se toman los acuerdos que aquellos llevar\u00e1n al Pleno Confederal. Se celebra cada dos a\u00f1os, altern\u00e1ndose su celebraci\u00f3n anualmente<br \/>con las Conferencias Sindicales.<\/p>\n<p class=\"spip\" style=\"text-align: justify;\">Establece las l\u00edneas generales de actuaci\u00f3n de CGT en temas econ\u00f3micos, administrativos, socio-pol\u00edticos y de actualidad , as\u00ed como los criterios de funcionamiento que se estimen necesarios en el periodo entre Congresos. En cualquier caso, un Pleno no puede modificar los Estatutos Confederales ni tomar acuerdos contradictorios con respecto a los tomados en Congreso.<\/p>\n<p class=\"spip\" style=\"text-align: justify;\"><span style=\"color: #ff0000;\"><strong><span style=\"text-decoration: underline;\">\u00bfC\u00d3MO SE TOMAN LOS ACUERDOS EN LA CGT?<\/span><\/strong><\/span><\/p>\n<div class=\"views-field-field-teaser-value\">\n<div class=\"field-content\">\n<p style=\"text-align: justify;\"><strong>Las decisiones en CGT se adoptan por y desde las ASAMBLEAS DE AFILIADOS DE LOS SINDICATOS (Sindicatos Territoriales de Rama) CUYO PACTO FEDERATIVO DA LUGAR A LA CONFEDERACI\u00d3N.<\/strong><\/p>\n<\/div>\n<\/div>\n<div class=\"views-field-body\">\n<div class=\"field-content\">\n<p class=\"spip\" style=\"text-align: justify;\">Sobre esta base se establece un sencillo esquema para la adopci\u00f3n de las decisiones comunes a trav\u00e9s de Plenarias, Plenos, Conferencias y Congresos en el \u00e1mbito estatal, traslad\u00e1ndonos este esquema al resto de las estructuras que los reproducir\u00e1n por acuerdo una vez adaptado a cada realidad.<\/p>\n<p class=\"spip\" style=\"text-align: justify;\">Todos y cada uno de los \u00e1mbitos organizativos descritos deben dotarse de sus propios estatutos que clarifiquen la forma de funcionar y la f\u00f3rmula para adoptar acuerdos sin contradecir el funcionamiento definido para el conjunto de la CGT.<\/p>\n<p class=\"spip\" style=\"text-align: justify;\">Respetar los acuerdos tomados por decisi\u00f3n mayoritaria, habiendo o\u00eddo a las minor\u00edas y respetando tanto a \u00e9stas como el derecho individual de no compartir esas decisiones, pero sin derecho a paralizarlas y boicotearlas o contradecirlas p\u00fablicamente, planificar entre todas, compartir y apoyar a los dem\u00e1s, son las caracter\u00edsticas que definen nuestra cultura organizativa para construir una alternativa real al conjunto de contravalores que se dan en nuestra sociedad (individualismo, competencia, autoritarismo\u2026etc.)<\/p>\n<\/div>\n<\/div>\n<\/div>\n<\/div>\n<\/div>\n<\/div>\n<\/div>\n<\/div>\n<\/div>\n<\/div>\n\n\n<div class=\"wp-block-buttons is-layout-flex wp-block-buttons-is-layout-flex\"><\/div>\n\n\n\n<p><\/p>\n","protected":false},"excerpt":{"rendered":"<div class=\"mh-excerpt\"><p>\u00a0 LA ASAMBLEA DEL SINDICATO: La Asamblea del Sindicato la constituyen todas las personas afiliadas del mismo. Todos\/as tienen voz y voto. FUNCIONES: Acordar las <a class=\"mh-excerpt-more\" href=\"https:\/\/cgttenerife.org\/?page_id=367\" title=\"Como nos organizamos\">[&#8230;]<\/a><\/p>\n<\/div>","protected":false},"author":1,"featured_media":0,"parent":0,"menu_order":0,"comment_status":"closed","ping_status":"closed","template":"","meta":{"footnotes":""},"class_list":["post-367","page","type-page","status-publish","hentry"],"_links":{"self":[{"href":"https:\/\/cgttenerife.org\/index.php?rest_route=\/wp\/v2\/pages\/367","targetHints":{"allow":["GET"]}}],"collection":[{"href":"https:\/\/cgttenerife.org\/index.php?rest_route=\/wp\/v2\/pages"}],"about":[{"href":"https:\/\/cgttenerife.org\/index.php?rest_route=\/wp\/v2\/types\/page"}],"author":[{"embeddable":true,"href":"https:\/\/cgttenerife.org\/index.php?rest_route=\/wp\/v2\/users\/1"}],"replies":[{"embeddable":true,"href":"https:\/\/cgttenerife.org\/index.php?rest_route=%2Fwp%2Fv2%2Fcomments&post=367"}],"version-history":[{"count":4,"href":"https:\/\/cgttenerife.org\/index.php?rest_route=\/wp\/v2\/pages\/367\/revisions"}],"predecessor-version":[{"id":2980,"href":"https:\/\/cgttenerife.org\/index.php?rest_route=\/wp\/v2\/pages\/367\/revisions\/2980"}],"wp:attachment":[{"href":"https:\/\/cgttenerife.org\/index.php?rest_route=%2Fwp%2Fv2%2Fmedia&parent=367"}],"curies":[{"name":"wp","href":"https:\/\/api.w.org\/{rel}","templated":true}]}}