{"id":2960,"date":"2023-02-02T01:22:13","date_gmt":"2023-02-02T01:22:13","guid":{"rendered":"https:\/\/cgttenerife.org\/?page_id=2960"},"modified":"2023-05-31T17:48:22","modified_gmt":"2023-05-31T17:48:22","slug":"consultas","status":"publish","type":"page","link":"https:\/\/cgttenerife.org\/?page_id=2960","title":{"rendered":"Consultas"},"content":{"rendered":"\r\n<p>Les ofrecemos a trav\u00e9s de los siguientes enlaces,\u00a0 informaci\u00f3n actualizada de su inter\u00e9s en relaci\u00f3n a las consultas comunes m\u00e1s habituales que se reciben en el sindicato en relaci\u00f3n a aspectos laborales, para que les sean de ayuda y orientaci\u00f3n:\u00a0<\/p>\r\n<ul>\r\n<li><strong><a href=\"https:\/\/cgttenerife.org\/wp-content\/uploads\/2023\/05\/PERMISOS-Y-LICENCIAS.pdf\">Permisos y Licencias<\/a><\/strong><\/li>\r\n<li><strong><a href=\"https:\/\/cgttenerife.org\/wp-content\/uploads\/2023\/05\/QUE-SE-COBRA-ESTANDO-DE-BAJA.pdf\">Qu\u00e9 se cobra estando de baja<\/a><\/strong><\/li>\r\n<li><strong><a href=\"https:\/\/cgttenerife.org\/wp-content\/uploads\/2023\/05\/PLAZOS-RECLAMACIONES-1.pdf\">Plazos y reclamaciones<\/a><\/strong><\/li>\r\n<\/ul>\r\n<p>Les recordamos que para todos los servicios telem\u00e1ticos de las administraciones p\u00fablicas oficiales deben de disponer Certificado Digital o Clave Permanente.<\/p>\r\n\r\n\r\n\r\n<p>Asimismo antes de realizar estas consultas les invitamos a que primero verifiquen en las paginas oficiales de estos organismos p\u00fablicos en sus apartados de preguntas mas frecuentes si ya tuvieran respondida las consultas que pudieran realizar, de este modo no sobrecargamos el trabajo del personal de estas entidades.<\/p>\r\n\r\n\r\n\r\n<ul class=\"wp-block-list\">\r\n<li><a href=\"https:\/\/www.insst.es\/documentacion\/material-tecnico\/preguntas-tecnicas-frecuentes-gestion-prl\/gestion-de-la-prevencion\" target=\"_blank\" rel=\"noreferrer noopener\">Consulta en Materia de PRL.<\/a><\/li>\r\n\r\n\r\n\r\n<li><a href=\"https:\/\/sedeagpd.gob.es\/sede-electronica-web\/vistas\/formConsulta\/consulta.jsf\" target=\"_blank\" rel=\"noreferrer noopener\">Consulta AEPD.<\/a>\r\n<ul class=\"wp-block-list\">\r\n<li><a href=\"https:\/\/www.aepd.es\/es\/preguntas-frecuentes\" target=\"_blank\" rel=\"noreferrer noopener\">Preguntas frecuentes ante la AEPD.<\/a><\/li>\r\n<\/ul>\r\n<\/li>\r\n<\/ul>\r\n","protected":false},"excerpt":{"rendered":"<div class=\"mh-excerpt\"><p>Les ofrecemos a trav\u00e9s de los siguientes enlaces,\u00a0 informaci\u00f3n actualizada de su inter\u00e9s en relaci\u00f3n a las consultas comunes m\u00e1s habituales que se reciben en <a class=\"mh-excerpt-more\" href=\"https:\/\/cgttenerife.org\/?page_id=2960\" title=\"Consultas\">[&#8230;]<\/a><\/p>\n<\/div>","protected":false},"author":1,"featured_media":0,"parent":0,"menu_order":0,"comment_status":"closed","ping_status":"closed","template":"","meta":{"footnotes":""},"class_list":["post-2960","page","type-page","status-publish","hentry"],"_links":{"self":[{"href":"https:\/\/cgttenerife.org\/index.php?rest_route=\/wp\/v2\/pages\/2960","targetHints":{"allow":["GET"]}}],"collection":[{"href":"https:\/\/cgttenerife.org\/index.php?rest_route=\/wp\/v2\/pages"}],"about":[{"href":"https:\/\/cgttenerife.org\/index.php?rest_route=\/wp\/v2\/types\/page"}],"author":[{"embeddable":true,"href":"https:\/\/cgttenerife.org\/index.php?rest_route=\/wp\/v2\/users\/1"}],"replies":[{"embeddable":true,"href":"https:\/\/cgttenerife.org\/index.php?rest_route=%2Fwp%2Fv2%2Fcomments&post=2960"}],"version-history":[{"count":6,"href":"https:\/\/cgttenerife.org\/index.php?rest_route=\/wp\/v2\/pages\/2960\/revisions"}],"predecessor-version":[{"id":3209,"href":"https:\/\/cgttenerife.org\/index.php?rest_route=\/wp\/v2\/pages\/2960\/revisions\/3209"}],"wp:attachment":[{"href":"https:\/\/cgttenerife.org\/index.php?rest_route=%2Fwp%2Fv2%2Fmedia&parent=2960"}],"curies":[{"name":"wp","href":"https:\/\/api.w.org\/{rel}","templated":true}]}}