{"id":113,"date":"2014-07-23T10:52:08","date_gmt":"2014-07-23T10:52:08","guid":{"rendered":"http:\/\/cgttenerife.wordpress.com\/?page_id=113"},"modified":"2023-02-04T18:56:53","modified_gmt":"2023-02-04T18:56:53","slug":"cgt-tenerife","status":"publish","type":"page","link":"https:\/\/cgttenerife.org\/?page_id=113","title":{"rendered":"Quienes somos"},"content":{"rendered":"<h2>\u00a0<\/h2>\n<h2 style=\"text-align: center;\"><strong><span style=\"text-decoration: underline;\">El Sindicato \u00danico De Tenerife de la CGT.<\/span><\/strong><\/h2>\n<h3 style=\"text-align: center;\"><strong>Es un Sindicato con 45 a\u00f1os de historia<\/strong><\/h3>\n<p>\u00a0<\/p>\n<div style=\"text-align: justify;\">\u00a0<\/div>\n<div>\n<div id=\"pageContainer1\" class=\"page\">\n<div class=\"textLayer\">\n<div style=\"text-align: justify;\"><img loading=\"lazy\" decoding=\"async\" class=\"size-full wp-image-2969 alignleft\" src=\"https:\/\/cgttenerife.org\/wp-content\/uploads\/2023\/02\/cgttenerife.jpg\" alt=\"\" width=\"300\" height=\"200\" \/>La CNT reaparece en la isla de Tenerife en 1977. Con el tiempo se consolida una Federaci\u00f3n Local integrada por un Sindicato de Ense\u00f1anza, en su mayor\u00eda compuesto por universitarios\/as que participar\u00e1n en las revueltas de finales de los 70 y principios de los 80, el de Transportes, formado mayoritariamente por un grupo muy activo de trabajadores del transporte urbano de la capital (guaguas azules), el Sindicato de la Construcci\u00f3n, que arranc\u00f3 de las luchas aut\u00f3nomas y asamblearias del sector, y el SOV. Exist\u00edan en Cabo Blanco, en el sur de la isla, Sindicatos de la Construcci\u00f3n, Hosteler\u00eda y del Campo, tambi\u00e9n la isla de La Palma lleg\u00f3 a tener un local abierto un tiempo, se estima que por esas fechas la Regional de Canarias de la CNT englobaba a m\u00e1s de 1.000 personas.<\/div>\n<div style=\"text-align: justify;\">\u00a0<\/div>\n<div style=\"text-align: justify;\">Hab\u00eda un Ateneo Libertario en La Laguna que funcion\u00f3 unos meses, el Sindicato de Ense\u00f1anza organiz\u00f3 unas concurridas Jornadas sobre Pedagog\u00eda Libertaria y editaba la revista Pasillo. Tambi\u00e9n se publicaron varios n\u00fameros de En Marcha, el portavoz confederal archipiel\u00e1gico. En esos a\u00f1os el funcionamiento era el de un sindicato \u00fanico aunque se hubiese adoptado la estructura org\u00e1nica de FL. El local estaba en la calle Progreso de Sta Cruz de Tenerife. Ser\u00e1 tras los congresos de 1979, 1980 y el de unificaci\u00f3n en 1984 cuando la afiliaci\u00f3n, sinti\u00e9ndose ajena a un conflicto confederal que no se hab\u00eda vivido en Canarias, ir\u00e1 abandonando el sindicato hasta que en 1989 se pierden judicialmente las siglas, la secci\u00f3n sindical de guaguas se pasa al sindicato CANC y las personas que restan acuerdan disolver la FL de la CNT refundada en los a\u00f1os 70 (ya CGT) y abandonar el local de la calle Progreso.<\/div>\n<div style=\"text-align: justify;\">\u00a0<\/div>\n<div style=\"text-align: justify;\"><img loading=\"lazy\" decoding=\"async\" class=\" wp-image-2970 alignright\" src=\"https:\/\/cgttenerife.org\/wp-content\/uploads\/2023\/02\/cgttenerife-1.jpg\" alt=\"\" width=\"188\" height=\"265\" \/>A partir de ese momento y hasta 1998 s\u00f3lo quedar\u00e1 funcionando en la isla con las siglas de CGT la secci\u00f3n sindical de Telef\u00f3nica (en cuyo local se reun\u00eda el sindicato) y un peque\u00f1o n\u00facleo en banca, ambos vinculados a sus respectivos sindicatos estatales de empresa. En diciembre de 1998, tras una visita del entonces SG Confederal, se celebra una Asamblea que aprueba los nuevos estatutos del SOV de CGT en Tenerife y meses despu\u00e9s se alquila el local de Verdugo y Massieu. A partir de este momento recaer\u00e1 en un reducido n\u00famero de personas de Telef\u00f3nica, Ayuntamiento de S\/C de Tenerife y estudiantes, la labor de poner de nuevo en marcha la CGT.<\/div>\n<\/div>\n<\/div>\n<div id=\"pageContainer2\" class=\"page\">\n<div class=\"canvasWrapper\" style=\"text-align: justify;\">\u00a0<\/div>\n<div class=\"textLayer\">\n<div style=\"text-align: justify;\">En estos 14 a\u00f1os el sindicato ha pasado de unas 70 u 80 personas afiliadas a las m\u00e1s de 500 que lo forman en la actualidad, hay secciones sindicales en m\u00e1s de 15 empresas, con una presencia importante en La Palma y con representaci\u00f3n significativa en administraci\u00f3n p\u00fablica, transportes y comunicaciones, qu\u00edmicas, sanidad y banca. Se ha hecho un esfuerzo formativo con la afiliaci\u00f3n y delegados\/as, potenciando la participaci\u00f3n de las secciones en la vida del sindicato, fruto de ello el importante grupo de militantes que hoy son el motor de la CGT en Tenerife.<\/div>\n<div style=\"text-align: justify;\">\u00a0<\/div>\n<div style=\"text-align: justify;\">En cuanto al modelo org\u00e1nico, en 2010 CGT-Tenerife se transforma en Sindicato \u00danico(SU) para dotarse de una estructura que fomente la horizontalidad y el apoyo mutuo entre las secciones, los sectores y la afiliaci\u00f3n sin secci\u00f3n sindical. Otra de las prioridades organizativas es la constituci\u00f3n de la CGT de las Islas Canarias, apuestan los acuerdos por la creaci\u00f3n de una confederaci\u00f3n de islas frente a una divisi\u00f3n provincial que, cree la afiliaci\u00f3n, no se ajusta a las distintas realidades insulares que hoy ven mermada su autonom\u00eda. En abril de 2012 se traslada la sede a una oficina m\u00e1s c\u00e9ntrica y c\u00f3moda en el mismo barrio, aunque manteniendo el antiguo local, donde inicia su dif\u00edcil andadura el Ateneo Libertario de La Cuesta.<\/div>\n<div style=\"text-align: justify;\">\u00a0<\/div>\n<div style=\"text-align: justify;\"><img loading=\"lazy\" decoding=\"async\" class=\" wp-image-2971 alignleft\" src=\"https:\/\/cgttenerife.org\/wp-content\/uploads\/2023\/02\/cgttenerife-2.jpg\" alt=\"\" width=\"180\" height=\"208\" \/>Debido al aislamiento respecto a la pen\u00ednsula, la confluencia en las movilizaciones y los lugares comunes, nuestra estrategia de lucha y reivindicaci\u00f3n fuera de las empresas pasa por el trabajo en red con colectivos, sindicatos alternativos y organizaciones pol\u00edticas de izquierdas, alianzas que han sufrido numerosos altibajos en estos a\u00f1os, constituyendo un aut\u00e9ntico reto llegar a una coordinaci\u00f3n estable con los sindicatos no institucionales. CGT hoy en d\u00eda participa junto a la Asamblea Canaria por el Reparto de la Riqueza, REDESSCAN, CSC La Casa, CSO Taucho, CNT, grupos aut\u00f3nomos, colectivo okupa, antimilitaristas, feministas, asambleas del 15M, organizaciones de la izquierda pol\u00edtica&#8230; en numerosas iniciativas. Una coordinaci\u00f3n antirrepresiva, red de apoyo mutuo, Canarias por la Renta B\u00e1sica de las Iguales (RBis), Punto de Informaci\u00f3n de derechos sociales y laborales, Radio Pimienta, son algunos de los proyectos en los que est\u00e1 enredando CGT-Tenerife.<\/div>\n<div style=\"text-align: justify;\">\u00a0<\/div>\n<div style=\"text-align: justify;\">La organizaci\u00f3n y participaci\u00f3n en diversas jornadas celebradas en los \u00faltimos a\u00f1os han abierto el debate dentro y fuera del sindicato en temas como la RBis (asumida por el SU), la visi\u00f3n libertaria de la autodeterminaci\u00f3n, las alternativas al capitalismo, antifascismo, etc. Y as\u00ed, con el esfuerzo de todas y todos, CGT sigue creciendo en Canarias y llevando el mensaje de lucha y rebeld\u00eda a m\u00e1s gente.<\/div>\n<\/div>\n<\/div>\n<div>\u00a0<\/div>\n<\/div>\n\n\n<div class=\"wp-block-buttons is-layout-flex wp-block-buttons-is-layout-flex\"><\/div>\n","protected":false},"excerpt":{"rendered":"<div class=\"mh-excerpt\"><p>\u00a0 El Sindicato \u00danico De Tenerife de la CGT. Es un Sindicato con 45 a\u00f1os de historia \u00a0 \u00a0 La CNT reaparece en la isla <a class=\"mh-excerpt-more\" href=\"https:\/\/cgttenerife.org\/?page_id=113\" title=\"Quienes somos\">[&#8230;]<\/a><\/p>\n<\/div>","protected":false},"author":1,"featured_media":0,"parent":0,"menu_order":2,"comment_status":"closed","ping_status":"closed","template":"","meta":{"footnotes":""},"class_list":["post-113","page","type-page","status-publish","hentry"],"_links":{"self":[{"href":"https:\/\/cgttenerife.org\/index.php?rest_route=\/wp\/v2\/pages\/113","targetHints":{"allow":["GET"]}}],"collection":[{"href":"https:\/\/cgttenerife.org\/index.php?rest_route=\/wp\/v2\/pages"}],"about":[{"href":"https:\/\/cgttenerife.org\/index.php?rest_route=\/wp\/v2\/types\/page"}],"author":[{"embeddable":true,"href":"https:\/\/cgttenerife.org\/index.php?rest_route=\/wp\/v2\/users\/1"}],"replies":[{"embeddable":true,"href":"https:\/\/cgttenerife.org\/index.php?rest_route=%2Fwp%2Fv2%2Fcomments&post=113"}],"version-history":[{"count":8,"href":"https:\/\/cgttenerife.org\/index.php?rest_route=\/wp\/v2\/pages\/113\/revisions"}],"predecessor-version":[{"id":3011,"href":"https:\/\/cgttenerife.org\/index.php?rest_route=\/wp\/v2\/pages\/113\/revisions\/3011"}],"wp:attachment":[{"href":"https:\/\/cgttenerife.org\/index.php?rest_route=%2Fwp%2Fv2%2Fmedia&parent=113"}],"curies":[{"name":"wp","href":"https:\/\/api.w.org\/{rel}","templated":true}]}}